{"id":26,"date":"2018-03-07T10:09:48","date_gmt":"2018-03-07T09:09:48","guid":{"rendered":"https:\/\/eglise-evangeliquedesaintes.com\/?page_id=26"},"modified":"2024-10-25T22:56:54","modified_gmt":"2024-10-25T20:56:54","slug":"le-programme-du-mois","status":"publish","type":"page","link":"https:\/\/eglise-evangeliquedesaintes.com\/?page_id=26","title":{"rendered":"Nos Rencontres"},"content":{"rendered":"\n<h2 class=\"wp-block-heading has-text-align-center text_exposed_show has-bright-blue-color has-text-color\" id=\"septembre-2021\"><\/h2>\n\n\n\n<div class=\"wp-block-media-text alignwide is-stacked-on-mobile is-style-default\" style=\"grid-template-columns:49% auto\"><figure class=\"wp-block-media-text__media\"><img data-recalc-dims=\"1\" loading=\"lazy\" decoding=\"async\" width=\"760\" height=\"507\" data-attachment-id=\"807\" data-permalink=\"https:\/\/eglise-evangeliquedesaintes.com\/?attachment_id=807\" data-orig-file=\"https:\/\/i0.wp.com\/eglise-evangeliquedesaintes.com\/wp-content\/uploads\/2020\/01\/adobestock_231187916.jpeg?fit=4724%2C3149&amp;ssl=1\" data-orig-size=\"4724,3149\" data-comments-opened=\"1\" data-image-meta=\"{&quot;aperture&quot;:&quot;2.8&quot;,&quot;credit&quot;:&quot;Paul - stock.adobe.com&quot;,&quot;camera&quot;:&quot;Canon EOS-1D X Mark II&quot;,&quot;caption&quot;:&quot;&quot;,&quot;created_timestamp&quot;:&quot;1489918799&quot;,&quot;copyright&quot;:&quot;\\u00a9Paul - stock.adobe.com&quot;,&quot;focal_length&quot;:&quot;190&quot;,&quot;iso&quot;:&quot;3200&quot;,&quot;shutter_speed&quot;:&quot;0.005&quot;,&quot;title&quot;:&quot;Teen Worship&quot;,&quot;orientation&quot;:&quot;1&quot;}\" data-image-title=\"Teen Worship\" data-image-description=\"\" data-image-caption=\"\" data-large-file=\"https:\/\/i0.wp.com\/eglise-evangeliquedesaintes.com\/wp-content\/uploads\/2020\/01\/adobestock_231187916.jpeg?fit=760%2C507&amp;ssl=1\" src=\"https:\/\/i0.wp.com\/eglise-evangeliquedesaintes.com\/wp-content\/uploads\/2020\/01\/adobestock_231187916.jpeg?resize=760%2C507&#038;ssl=1\" alt=\"\" class=\"wp-image-807 size-full\"\/><\/figure><div class=\"wp-block-media-text__content\">\n<p class=\"has-larger-font-size wp-block-paragraph\">Tous les dimanches \u00e0 10H rejoignez nous pour un temps de culte. <\/p>\n\n\n\n<p class=\"wp-block-paragraph\"><\/p>\n<\/div><\/div>\n\n\n\n<hr class=\"wp-block-separator has-css-opacity is-style-wide\"\/>\n\n\n\n<div class=\"wp-block-media-text alignwide has-media-on-the-right is-stacked-on-mobile is-style-default\"><div class=\"wp-block-media-text__content\">\n<p class=\"has-larger-font-size wp-block-paragraph\">Tous les mardis \u00e0 19h30 d\u00e9couverte de l&rsquo;Evangile.<\/p>\n<\/div><figure class=\"wp-block-media-text__media\"><img data-recalc-dims=\"1\" loading=\"lazy\" decoding=\"async\" width=\"760\" height=\"415\" data-attachment-id=\"824\" data-permalink=\"https:\/\/eglise-evangeliquedesaintes.com\/?attachment_id=824\" data-orig-file=\"https:\/\/i0.wp.com\/eglise-evangeliquedesaintes.com\/wp-content\/uploads\/2020\/01\/adobestock_213746761.jpeg?fit=3924%2C2141&amp;ssl=1\" data-orig-size=\"3924,2141\" data-comments-opened=\"1\" data-image-meta=\"{&quot;aperture&quot;:&quot;0&quot;,&quot;credit&quot;:&quot;Rawpixel.com - stock.adobe.com&quot;,&quot;camera&quot;:&quot;&quot;,&quot;caption&quot;:&quot;Group of people holding hands praying worship believe&quot;,&quot;created_timestamp&quot;:&quot;0&quot;,&quot;copyright&quot;:&quot;\\u00a9Rawpixel.com - stock.adobe.com&quot;,&quot;focal_length&quot;:&quot;0&quot;,&quot;iso&quot;:&quot;0&quot;,&quot;shutter_speed&quot;:&quot;0&quot;,&quot;title&quot;:&quot;Group of people holding hands praying worship believe&quot;,&quot;orientation&quot;:&quot;1&quot;}\" data-image-title=\"Group of people holding hands praying worship believe\" data-image-description=\"\" data-image-caption=\"&lt;p&gt;Group of people holding hands praying worship believe&lt;\/p&gt;\n\" data-large-file=\"https:\/\/i0.wp.com\/eglise-evangeliquedesaintes.com\/wp-content\/uploads\/2020\/01\/adobestock_213746761.jpeg?fit=760%2C415&amp;ssl=1\" src=\"https:\/\/i0.wp.com\/eglise-evangeliquedesaintes.com\/wp-content\/uploads\/2020\/01\/adobestock_213746761.jpeg?resize=760%2C415&#038;ssl=1\" alt=\"\" class=\"wp-image-824 size-full\"\/><\/figure><\/div>\n\n\n\n<hr class=\"wp-block-separator has-css-opacity is-style-wide\"\/>\n\n\n\n<div class=\"wp-block-media-text alignwide is-stacked-on-mobile is-style-default\"><figure class=\"wp-block-media-text__media\"><img data-recalc-dims=\"1\" loading=\"lazy\" decoding=\"async\" width=\"760\" height=\"508\" data-attachment-id=\"825\" data-permalink=\"https:\/\/eglise-evangeliquedesaintes.com\/?attachment_id=825\" data-orig-file=\"https:\/\/i0.wp.com\/eglise-evangeliquedesaintes.com\/wp-content\/uploads\/2020\/01\/adobestock_203155939-1.jpeg?fit=5374%2C3595&amp;ssl=1\" data-orig-size=\"5374,3595\" data-comments-opened=\"1\" data-image-meta=\"{&quot;aperture&quot;:&quot;7.1&quot;,&quot;credit&quot;:&quot;pamela_d_mcadams - stock.adobe.com&quot;,&quot;camera&quot;:&quot;Canon EOS 6D&quot;,&quot;caption&quot;:&quot;Group Bible Study on a White Wood Table&quot;,&quot;created_timestamp&quot;:&quot;1525095457&quot;,&quot;copyright&quot;:&quot;\\u00a9pamela_d_mcadams - stock.adobe.com&quot;,&quot;focal_length&quot;:&quot;40&quot;,&quot;iso&quot;:&quot;800&quot;,&quot;shutter_speed&quot;:&quot;0.1&quot;,&quot;title&quot;:&quot;Group Bible Study on a White Wood Table&quot;,&quot;orientation&quot;:&quot;1&quot;}\" data-image-title=\"Group Bible Study on a White Wood Table\" data-image-description=\"\" data-image-caption=\"&lt;p&gt;Group Bible Study on a White Wood Table&lt;\/p&gt;\n\" data-large-file=\"https:\/\/i0.wp.com\/eglise-evangeliquedesaintes.com\/wp-content\/uploads\/2020\/01\/adobestock_203155939-1.jpeg?fit=760%2C508&amp;ssl=1\" src=\"https:\/\/i0.wp.com\/eglise-evangeliquedesaintes.com\/wp-content\/uploads\/2020\/01\/adobestock_203155939-1.jpeg?resize=760%2C508&#038;ssl=1\" alt=\"\" class=\"wp-image-825 size-full\"\/><\/figure><div class=\"wp-block-media-text__content\">\n<p class=\"has-bright-blue-color has-text-color has-larger-font-size wp-block-paragraph\">Tous les jeudis de 12h30 \u00e0 13h30 je\u00fbne et pri\u00e8re (sauf juillet-ao\u00fbt).<\/p>\n\n\n\n<p class=\"has-bright-blue-color has-text-color has-larger-font-size wp-block-paragraph\">19h30 Etude de la Bible \/ pri\u00e8res<\/p>\n\n\n\n<p class=\"wp-block-paragraph\"><\/p>\n\n\n\n<p class=\"wp-block-paragraph\" style=\"font-size:18px\"><\/p>\n<\/div><\/div>\n\n\n\n<hr class=\"wp-block-separator has-css-opacity is-style-wide\"\/>\n\n\n\n<div class=\"wp-block-media-text alignwide has-media-on-the-right is-stacked-on-mobile is-image-fill-element is-style-default\"><div class=\"wp-block-media-text__content\">\n<p class=\"has-bright-blue-color has-text-color has-larger-font-size wp-block-paragraph\">Le dimanche les enfants sont accueillis avec ceux de leur \u00e2ge par une \u00e9quipe d&rsquo;animateurs afin de leur proposer un temps d&rsquo;instruction biblique (GIB).<\/p>\n\n\n\n<p class=\"wp-block-paragraph\">Se renseigner sur place pour l&rsquo;inscription<\/p>\n\n\n\n<p class=\"has-text-color wp-block-paragraph\" style=\"color:#dd0a23\"><\/p>\n<\/div><figure class=\"wp-block-media-text__media\"><img data-recalc-dims=\"1\" loading=\"lazy\" decoding=\"async\" width=\"760\" height=\"507\" data-attachment-id=\"830\" data-permalink=\"https:\/\/eglise-evangeliquedesaintes.com\/?attachment_id=830\" data-orig-file=\"https:\/\/i0.wp.com\/eglise-evangeliquedesaintes.com\/wp-content\/uploads\/2020\/01\/adobestock_277897038.jpeg?fit=4671%2C3114&amp;ssl=1\" data-orig-size=\"4671,3114\" data-comments-opened=\"1\" data-image-meta=\"{&quot;aperture&quot;:&quot;3.2&quot;,&quot;credit&quot;:&quot;Monkey Business - stock.adobe.com&quot;,&quot;camera&quot;:&quot;Canon EOS-1D X Mark II&quot;,&quot;caption&quot;:&quot;Group Of Elementary School Pupils Sitting On Floor Listening To Teacher&quot;,&quot;created_timestamp&quot;:&quot;1549194472&quot;,&quot;copyright&quot;:&quot;\\u00a9Monkey Business - stock.adobe.com&quot;,&quot;focal_length&quot;:&quot;65&quot;,&quot;iso&quot;:&quot;1000&quot;,&quot;shutter_speed&quot;:&quot;0.004&quot;,&quot;title&quot;:&quot;Group Of Elementary School Pupils Sitting On Floor Listening To Teacher&quot;,&quot;orientation&quot;:&quot;1&quot;}\" data-image-title=\"Group Of Elementary School Pupils Sitting On Floor Listening To Teacher\" data-image-description=\"\" data-image-caption=\"&lt;p&gt;Group Of Elementary School Pupils Sitting On Floor Listening To Teacher&lt;\/p&gt;\n\" data-large-file=\"https:\/\/i0.wp.com\/eglise-evangeliquedesaintes.com\/wp-content\/uploads\/2020\/01\/adobestock_277897038.jpeg?fit=760%2C507&amp;ssl=1\" src=\"https:\/\/i0.wp.com\/eglise-evangeliquedesaintes.com\/wp-content\/uploads\/2020\/01\/adobestock_277897038.jpeg?resize=760%2C507&#038;ssl=1\" alt=\"\" class=\"wp-image-830 size-full\" style=\"object-position:50% 50%\"\/><\/figure><\/div>\n\n\n\n<p class=\"wp-block-paragraph\"><\/p>\n","protected":false},"excerpt":{"rendered":"<p>Tous les dimanches \u00e0 10H rejoignez nous pour un temps de culte. Tous les mardis \u00e0 19h30 d\u00e9couverte de l&rsquo;Evangile. Tous les jeudis de 12h30&hellip; <\/p>\n<p><a href=\"https:\/\/eglise-evangeliquedesaintes.com\/?page_id=26\" class=\"more-link\">Lire la suite &rarr; <span class=\"screen-reader-text\">Nos Rencontres<\/span><\/a><\/p>\n","protected":false},"author":131446806,"featured_media":827,"parent":0,"menu_order":2,"comment_status":"closed","ping_status":"closed","template":"templates\/full-width.php","meta":{"_coblocks_attr":"","_coblocks_dimensions":"","_coblocks_responsive_height":"","_coblocks_accordion_ie_support":"","_crdt_document":"","advanced_seo_description":"","jetpack_seo_html_title":"","jetpack_seo_noindex":false,"footnotes":""},"class_list":["post-26","page","type-page","status-publish","has-post-thumbnail","hentry"],"jetpack_likes_enabled":false,"jetpack_sharing_enabled":true,"jetpack_shortlink":"https:\/\/wp.me\/P9J11m-q","amp_enabled":false,"_links":{"self":[{"href":"https:\/\/eglise-evangeliquedesaintes.com\/index.php?rest_route=\/wp\/v2\/pages\/26","targetHints":{"allow":["GET"]}}],"collection":[{"href":"https:\/\/eglise-evangeliquedesaintes.com\/index.php?rest_route=\/wp\/v2\/pages"}],"about":[{"href":"https:\/\/eglise-evangeliquedesaintes.com\/index.php?rest_route=\/wp\/v2\/types\/page"}],"author":[{"embeddable":true,"href":"https:\/\/eglise-evangeliquedesaintes.com\/index.php?rest_route=\/wp\/v2\/users\/131446806"}],"replies":[{"embeddable":true,"href":"https:\/\/eglise-evangeliquedesaintes.com\/index.php?rest_route=%2Fwp%2Fv2%2Fcomments&post=26"}],"version-history":[{"count":64,"href":"https:\/\/eglise-evangeliquedesaintes.com\/index.php?rest_route=\/wp\/v2\/pages\/26\/revisions"}],"predecessor-version":[{"id":2910,"href":"https:\/\/eglise-evangeliquedesaintes.com\/index.php?rest_route=\/wp\/v2\/pages\/26\/revisions\/2910"}],"wp:featuredmedia":[{"embeddable":true,"href":"https:\/\/eglise-evangeliquedesaintes.com\/index.php?rest_route=\/wp\/v2\/media\/827"}],"wp:attachment":[{"href":"https:\/\/eglise-evangeliquedesaintes.com\/index.php?rest_route=%2Fwp%2Fv2%2Fmedia&parent=26"}],"curies":[{"name":"wp","href":"https:\/\/api.w.org\/{rel}","templated":true}]}}