{"id":126,"date":"2018-04-03T06:07:57","date_gmt":"2018-04-03T05:07:57","guid":{"rendered":"http:\/\/eglise-evangeliquedesaintes.com\/?page_id=126"},"modified":"2025-09-19T19:29:54","modified_gmt":"2025-09-19T17:29:54","slug":"bienvenus","status":"publish","type":"page","link":"https:\/\/eglise-evangeliquedesaintes.com\/","title":{"rendered":"Bienvenue"},"content":{"rendered":"\n<h1 class=\"wp-block-heading has-text-align-center\" id=\"bienvenue\" style=\"font-size:70px\">Bienvenue<\/h1>\n\n\n\n<p class=\"wp-block-paragraph\"><\/p>\n\n\n\n<h3 class=\"wp-block-heading\" id=\"soyez-les-bienvenus-sur-le-site-de-l-eglise-evangelique-de-saintes-en-charente-maritime\" style=\"font-size:32px\">Soyez les bienvenus sur le site de l&rsquo;Eglise Esp\u00e9rance. <\/h3>\n\n\n\n<p class=\"wp-block-paragraph\"><\/p>\n\n\n\n<div class=\"wp-block-media-text alignwide is-stacked-on-mobile\" style=\"grid-template-columns:45% auto\"><figure class=\"wp-block-media-text__media\"><img data-recalc-dims=\"1\" loading=\"lazy\" decoding=\"async\" width=\"760\" height=\"570\" data-attachment-id=\"1671\" data-permalink=\"https:\/\/eglise-evangeliquedesaintes.com\/?attachment_id=1671\" data-orig-file=\"https:\/\/i0.wp.com\/eglise-evangeliquedesaintes.com\/wp-content\/uploads\/2021\/05\/IMG_1683.jpg?fit=1032%2C774&amp;ssl=1\" data-orig-size=\"1032,774\" data-comments-opened=\"1\" data-image-meta=\"{&quot;aperture&quot;:&quot;0&quot;,&quot;credit&quot;:&quot;&quot;,&quot;camera&quot;:&quot;&quot;,&quot;caption&quot;:&quot;&quot;,&quot;created_timestamp&quot;:&quot;0&quot;,&quot;copyright&quot;:&quot;&quot;,&quot;focal_length&quot;:&quot;0&quot;,&quot;iso&quot;:&quot;0&quot;,&quot;shutter_speed&quot;:&quot;0&quot;,&quot;title&quot;:&quot;&quot;,&quot;orientation&quot;:&quot;1&quot;}\" data-image-title=\"IMG_1683\" data-image-description=\"\" data-image-caption=\"&lt;p&gt;Notre nouvelle salle&lt;\/p&gt;\n\" data-large-file=\"https:\/\/i0.wp.com\/eglise-evangeliquedesaintes.com\/wp-content\/uploads\/2021\/05\/IMG_1683.jpg?fit=760%2C570&amp;ssl=1\" src=\"https:\/\/i0.wp.com\/eglise-evangeliquedesaintes.com\/wp-content\/uploads\/2021\/05\/IMG_1683.jpg?resize=760%2C570&#038;ssl=1\" alt=\"\" class=\"wp-image-1671 size-full\" srcset=\"https:\/\/i0.wp.com\/eglise-evangeliquedesaintes.com\/wp-content\/uploads\/2021\/05\/IMG_1683.jpg?resize=1024%2C768&amp;ssl=1 1024w, https:\/\/i0.wp.com\/eglise-evangeliquedesaintes.com\/wp-content\/uploads\/2021\/05\/IMG_1683.jpg?resize=300%2C225&amp;ssl=1 300w, https:\/\/i0.wp.com\/eglise-evangeliquedesaintes.com\/wp-content\/uploads\/2021\/05\/IMG_1683.jpg?resize=768%2C576&amp;ssl=1 768w, https:\/\/i0.wp.com\/eglise-evangeliquedesaintes.com\/wp-content\/uploads\/2021\/05\/IMG_1683.jpg?resize=800%2C600&amp;ssl=1 800w, https:\/\/i0.wp.com\/eglise-evangeliquedesaintes.com\/wp-content\/uploads\/2021\/05\/IMG_1683.jpg?resize=400%2C300&amp;ssl=1 400w, https:\/\/i0.wp.com\/eglise-evangeliquedesaintes.com\/wp-content\/uploads\/2021\/05\/IMG_1683.jpg?resize=200%2C150&amp;ssl=1 200w, https:\/\/i0.wp.com\/eglise-evangeliquedesaintes.com\/wp-content\/uploads\/2021\/05\/IMG_1683.jpg?resize=600%2C450&amp;ssl=1 600w, https:\/\/i0.wp.com\/eglise-evangeliquedesaintes.com\/wp-content\/uploads\/2021\/05\/IMG_1683.jpg?w=1032&amp;ssl=1 1032w\" sizes=\"auto, (max-width: 760px) 100vw, 760px\" \/><\/figure><div class=\"wp-block-media-text__content\">\n<p class=\"has-text-align-center wp-block-paragraph\"><strong>Eglise Esp\u00e9rance<\/strong><\/p>\n\n\n\n<p class=\"has-text-align-center wp-block-paragraph\">8 route de Saint Jean 17100 Fontcouverte<\/p>\n\n\n\n<hr class=\"wp-block-separator has-css-opacity\"\/>\n\n\n\n<p class=\"wp-block-paragraph\">Nous vous accueillons dans le respect des gestes barri\u00e8res en rapport avec la situation sanitaire actuelle, merci de respecter le placement et les consignes de notre service d&rsquo;accueil. <\/p>\n<\/div><\/div>\n\n\n\n<hr class=\"wp-block-separator has-css-opacity is-style-wide\"\/>\n\n\n\n<p class=\"wp-block-paragraph\"><\/p>\n\n\n\n<hr class=\"wp-block-separator has-css-opacity is-style-wide\"\/>\n\n\n\n<div class=\"wp-block-columns is-layout-flex wp-container-core-columns-is-layout-8f761849 wp-block-columns-is-layout-flex\">\n<div class=\"wp-block-column is-layout-flow wp-block-column-is-layout-flow\" style=\"flex-basis:50%\">\n<figure class=\"wp-block-image size-large\"><img data-recalc-dims=\"1\" loading=\"lazy\" decoding=\"async\" width=\"760\" height=\"760\" data-attachment-id=\"3524\" data-permalink=\"https:\/\/eglise-evangeliquedesaintes.com\/?attachment_id=3524\" data-orig-file=\"https:\/\/i0.wp.com\/eglise-evangeliquedesaintes.com\/wp-content\/uploads\/2025\/09\/image.png?fit=2796%2C2796&amp;ssl=1\" data-orig-size=\"2796,2796\" data-comments-opened=\"1\" data-image-meta=\"{&quot;aperture&quot;:&quot;0&quot;,&quot;credit&quot;:&quot;&quot;,&quot;camera&quot;:&quot;&quot;,&quot;caption&quot;:&quot;&quot;,&quot;created_timestamp&quot;:&quot;0&quot;,&quot;copyright&quot;:&quot;&quot;,&quot;focal_length&quot;:&quot;0&quot;,&quot;iso&quot;:&quot;0&quot;,&quot;shutter_speed&quot;:&quot;0&quot;,&quot;title&quot;:&quot;&quot;,&quot;orientation&quot;:&quot;0&quot;}\" data-image-title=\"image\" data-image-description=\"\" data-image-caption=\"\" data-large-file=\"https:\/\/i0.wp.com\/eglise-evangeliquedesaintes.com\/wp-content\/uploads\/2025\/09\/image.png?fit=760%2C760&amp;ssl=1\" src=\"https:\/\/i0.wp.com\/eglise-evangeliquedesaintes.com\/wp-content\/uploads\/2025\/09\/image.png?resize=760%2C760&#038;ssl=1\" alt=\"\" class=\"wp-image-3524\" srcset=\"https:\/\/i0.wp.com\/eglise-evangeliquedesaintes.com\/wp-content\/uploads\/2025\/09\/image.png?resize=1024%2C1024&amp;ssl=1 1024w, https:\/\/i0.wp.com\/eglise-evangeliquedesaintes.com\/wp-content\/uploads\/2025\/09\/image.png?resize=300%2C300&amp;ssl=1 300w, https:\/\/i0.wp.com\/eglise-evangeliquedesaintes.com\/wp-content\/uploads\/2025\/09\/image.png?resize=150%2C150&amp;ssl=1 150w, https:\/\/i0.wp.com\/eglise-evangeliquedesaintes.com\/wp-content\/uploads\/2025\/09\/image.png?resize=768%2C768&amp;ssl=1 768w, https:\/\/i0.wp.com\/eglise-evangeliquedesaintes.com\/wp-content\/uploads\/2025\/09\/image.png?resize=1536%2C1536&amp;ssl=1 1536w, https:\/\/i0.wp.com\/eglise-evangeliquedesaintes.com\/wp-content\/uploads\/2025\/09\/image.png?resize=2048%2C2048&amp;ssl=1 2048w, https:\/\/i0.wp.com\/eglise-evangeliquedesaintes.com\/wp-content\/uploads\/2025\/09\/image.png?resize=1200%2C1200&amp;ssl=1 1200w, https:\/\/i0.wp.com\/eglise-evangeliquedesaintes.com\/wp-content\/uploads\/2025\/09\/image.png?resize=800%2C800&amp;ssl=1 800w, https:\/\/i0.wp.com\/eglise-evangeliquedesaintes.com\/wp-content\/uploads\/2025\/09\/image.png?resize=600%2C600&amp;ssl=1 600w, https:\/\/i0.wp.com\/eglise-evangeliquedesaintes.com\/wp-content\/uploads\/2025\/09\/image.png?resize=400%2C400&amp;ssl=1 400w, https:\/\/i0.wp.com\/eglise-evangeliquedesaintes.com\/wp-content\/uploads\/2025\/09\/image.png?resize=200%2C200&amp;ssl=1 200w, https:\/\/i0.wp.com\/eglise-evangeliquedesaintes.com\/wp-content\/uploads\/2025\/09\/image.png?resize=100%2C100&amp;ssl=1 100w, https:\/\/i0.wp.com\/eglise-evangeliquedesaintes.com\/wp-content\/uploads\/2025\/09\/image.png?resize=50%2C50&amp;ssl=1 50w, https:\/\/i0.wp.com\/eglise-evangeliquedesaintes.com\/wp-content\/uploads\/2025\/09\/image.png?w=2280&amp;ssl=1 2280w\" sizes=\"auto, (max-width: 760px) 100vw, 760px\" \/><\/figure>\n<\/div>\n\n\n\n<div class=\"wp-block-column is-layout-flow wp-block-column-is-layout-flow\" style=\"flex-basis:50%\"><\/div>\n<\/div>\n\n\n\n<div class=\"wp-block-media-text alignwide has-media-on-the-right is-stacked-on-mobile\"><div class=\"wp-block-media-text__content\">\n<p class=\"has-text-align-center has-text-color wp-block-paragraph\" style=\"color:#12b830;font-size:19px\">Faire les m\u00eames oeuvres que J\u00e9sus<\/p>\n\n\n\n<p class=\"wp-block-paragraph\"><\/p>\n\n\n\n<p class=\"wp-block-paragraph\"><\/p>\n\n\n\n<p class=\"wp-block-paragraph\"><em>J\u00e9sus dit dans Jean 14.12 :&nbsp;<strong>\u00ab En v\u00e9rit\u00e9, en v\u00e9rit\u00e9, je vous le dis, celui qui croit en moi fera, lui aussi, les \u0153uvres que moi je fais, et il en fera de plus grandes, parce que je m\u2019en vais vers le P\u00e8re \u00bb<\/strong>.<\/em><\/p>\n\n\n\n<p class=\"wp-block-paragraph\"><em>Ces paroles ne sont pas utopiques car c\u2019est le Ma\u00eetre qui parle. J\u00e9sus ne parle jamais pour ne rien dire. Il ne parle jamais dans le \u00ab vent \u00bb.<\/em><\/p>\n\n\n\n<p class=\"wp-block-paragraph\"><em>Il dit cela aux siens, \u00e0 Ses disciples donc \u00e0 nous. Il dit cela pour tous ceux et celles qui croient en Lui. Depuis 21 si\u00e8cles cette parole est accomplie et elle est toujours d\u2019actualit\u00e9.<\/em><\/p>\n\n\n\n<p class=\"wp-block-paragraph\"><em>J\u00e9sus fait des \u0153uvres glorieuses : les aveugles recouvrent la vue, les boiteux marchent, les l\u00e9preux sont purifi\u00e9s, les sourds entendent, les morts ressuscitent, la bonne nouvelle est annonc\u00e9e aux pauvres.<\/em><\/p>\n\n\n\n<p class=\"wp-block-paragraph\"><em>Il dit que nous ferons les m\u00eames \u0153uvres et des plus grandes encore par Sa divine gr\u00e2ce.<\/em><\/p>\n\n\n\n<p class=\"wp-block-paragraph\"><em>J\u00e9sus a dit qu\u2019en Son Nom, nous chasserons les d\u00e9mons ; nous parlerons de nouvelles langues ; nous saisirons des serpents ; si nous buvons quelque breuvage mortel, il ne nous fera point de mal ; nous imposerons les mains aux malades et ceux-ci seront gu\u00e9ris.<\/em><\/p>\n\n\n\n<p class=\"wp-block-paragraph\"><em>Pierre \u00e0 la Pentec\u00f4te a pr\u00each\u00e9 et 3000 \u00e2mes se sont converties \u00e0 J\u00e9sus sans parler des autres signes et miracles qui se sont pass\u00e9s \u00e0 travers eux.<\/em><\/p>\n\n\n\n<p class=\"wp-block-paragraph\"><em>Bien-aim\u00e9s, ces \u0153uvres sont aussi pour nous. Elles se feront par la foi et par le Saint-Esprit. Ayons foi en J\u00e9sus et soyons remplis du Saint-Esprit.<\/em><\/p>\n\n\n\n<p class=\"wp-block-paragraph\"><em>Il y a cependant un prix \u00e0 payer, c\u2019est le prix de la pri\u00e8re, d\u2019une intimit\u00e9 avec J\u00e9sus, et d\u2019une vie de sanctification. Nous pouvons le faire par Sa gr\u00e2ce.<\/em><\/p>\n<\/div><figure class=\"wp-block-media-text__media\"><img data-recalc-dims=\"1\" loading=\"lazy\" decoding=\"async\" width=\"760\" height=\"428\" data-attachment-id=\"2664\" data-permalink=\"https:\/\/eglise-evangeliquedesaintes.com\/?attachment_id=2664\" data-orig-file=\"https:\/\/i0.wp.com\/eglise-evangeliquedesaintes.com\/wp-content\/uploads\/2024\/02\/Jean-14.12.jpeg?fit=1920%2C1080&amp;ssl=1\" data-orig-size=\"1920,1080\" data-comments-opened=\"1\" data-image-meta=\"{&quot;aperture&quot;:&quot;0&quot;,&quot;credit&quot;:&quot;&quot;,&quot;camera&quot;:&quot;&quot;,&quot;caption&quot;:&quot;&quot;,&quot;created_timestamp&quot;:&quot;0&quot;,&quot;copyright&quot;:&quot;&quot;,&quot;focal_length&quot;:&quot;0&quot;,&quot;iso&quot;:&quot;0&quot;,&quot;shutter_speed&quot;:&quot;0&quot;,&quot;title&quot;:&quot;&quot;,&quot;orientation&quot;:&quot;1&quot;}\" data-image-title=\"Jean-14.12\" data-image-description=\"\" data-image-caption=\"\" data-large-file=\"https:\/\/i0.wp.com\/eglise-evangeliquedesaintes.com\/wp-content\/uploads\/2024\/02\/Jean-14.12.jpeg?fit=760%2C428&amp;ssl=1\" src=\"https:\/\/i0.wp.com\/eglise-evangeliquedesaintes.com\/wp-content\/uploads\/2024\/02\/Jean-14.12.jpeg?resize=760%2C428&#038;ssl=1\" alt=\"\" class=\"wp-image-2664 size-full\" srcset=\"https:\/\/i0.wp.com\/eglise-evangeliquedesaintes.com\/wp-content\/uploads\/2024\/02\/Jean-14.12.jpeg?resize=1024%2C576&amp;ssl=1 1024w, https:\/\/i0.wp.com\/eglise-evangeliquedesaintes.com\/wp-content\/uploads\/2024\/02\/Jean-14.12.jpeg?resize=300%2C169&amp;ssl=1 300w, https:\/\/i0.wp.com\/eglise-evangeliquedesaintes.com\/wp-content\/uploads\/2024\/02\/Jean-14.12.jpeg?resize=768%2C432&amp;ssl=1 768w, https:\/\/i0.wp.com\/eglise-evangeliquedesaintes.com\/wp-content\/uploads\/2024\/02\/Jean-14.12.jpeg?resize=1536%2C864&amp;ssl=1 1536w, https:\/\/i0.wp.com\/eglise-evangeliquedesaintes.com\/wp-content\/uploads\/2024\/02\/Jean-14.12.jpeg?resize=1200%2C675&amp;ssl=1 1200w, https:\/\/i0.wp.com\/eglise-evangeliquedesaintes.com\/wp-content\/uploads\/2024\/02\/Jean-14.12.jpeg?resize=600%2C338&amp;ssl=1 600w, https:\/\/i0.wp.com\/eglise-evangeliquedesaintes.com\/wp-content\/uploads\/2024\/02\/Jean-14.12.jpeg?w=1920&amp;ssl=1 1920w\" sizes=\"auto, (max-width: 760px) 100vw, 760px\" \/><\/figure><\/div>\n","protected":false},"excerpt":{"rendered":"<p>Bienvenue Soyez les bienvenus sur le site de l&rsquo;Eglise Esp\u00e9rance. Faire les m\u00eames oeuvres que J\u00e9sus J\u00e9sus dit dans Jean 14.12 :&nbsp;\u00ab En v\u00e9rit\u00e9, en&hellip; <\/p>\n<p><a href=\"https:\/\/eglise-evangeliquedesaintes.com\/\" class=\"more-link\">Lire la suite &rarr; <span class=\"screen-reader-text\">Bienvenue<\/span><\/a><\/p>\n","protected":false},"author":131446806,"featured_media":0,"parent":0,"menu_order":1,"comment_status":"closed","ping_status":"closed","template":"templates\/full-width.php","meta":{"_coblocks_attr":"","_coblocks_dimensions":"","_coblocks_responsive_height":"","_coblocks_accordion_ie_support":"","_crdt_document":"","advanced_seo_description":"\u00e9glise \u00e9vang\u00e9lique Saintes","jetpack_seo_html_title":"","jetpack_seo_noindex":false,"footnotes":""},"class_list":["post-126","page","type-page","status-publish","hentry"],"jetpack_likes_enabled":true,"jetpack_sharing_enabled":false,"jetpack_shortlink":"https:\/\/wp.me\/P9J11m-22","amp_enabled":true,"_links":{"self":[{"href":"https:\/\/eglise-evangeliquedesaintes.com\/index.php?rest_route=\/wp\/v2\/pages\/126","targetHints":{"allow":["GET"]}}],"collection":[{"href":"https:\/\/eglise-evangeliquedesaintes.com\/index.php?rest_route=\/wp\/v2\/pages"}],"about":[{"href":"https:\/\/eglise-evangeliquedesaintes.com\/index.php?rest_route=\/wp\/v2\/types\/page"}],"author":[{"embeddable":true,"href":"https:\/\/eglise-evangeliquedesaintes.com\/index.php?rest_route=\/wp\/v2\/users\/131446806"}],"replies":[{"embeddable":true,"href":"https:\/\/eglise-evangeliquedesaintes.com\/index.php?rest_route=%2Fwp%2Fv2%2Fcomments&post=126"}],"version-history":[{"count":74,"href":"https:\/\/eglise-evangeliquedesaintes.com\/index.php?rest_route=\/wp\/v2\/pages\/126\/revisions"}],"predecessor-version":[{"id":3525,"href":"https:\/\/eglise-evangeliquedesaintes.com\/index.php?rest_route=\/wp\/v2\/pages\/126\/revisions\/3525"}],"wp:attachment":[{"href":"https:\/\/eglise-evangeliquedesaintes.com\/index.php?rest_route=%2Fwp%2Fv2%2Fmedia&parent=126"}],"curies":[{"name":"wp","href":"https:\/\/api.w.org\/{rel}","templated":true}]}}